{"id":994,"date":"2016-12-23T14:41:30","date_gmt":"2016-12-23T13:41:30","guid":{"rendered":"https:\/\/hoover.gplrank.de\/?page_id=994"},"modified":"2018-07-09T10:10:21","modified_gmt":"2018-07-09T09:10:21","slug":"05920-silbermowe-european-herring-gull","status":"publish","type":"page","link":"https:\/\/hoover.gplrank.de\/?page_id=994","title":{"rendered":"(05920) Silberm\u00f6we \/ European Herring Gull"},"content":{"rendered":"<p><a href=\"https:\/\/hoover.gplrank.de\/wp-content\/uploads\/2018\/07\/silbermoewe02.jpg\"><img loading=\"lazy\" decoding=\"async\" class=\"aligncenter size-large wp-image-1795\" src=\"https:\/\/hoover.gplrank.de\/wp-content\/uploads\/2018\/07\/silbermoewe02-1024x577.jpg\" alt=\"\" width=\"625\" height=\"352\" srcset=\"https:\/\/hoover.gplrank.de\/wp-content\/uploads\/2018\/07\/silbermoewe02-1024x577.jpg 1024w, https:\/\/hoover.gplrank.de\/wp-content\/uploads\/2018\/07\/silbermoewe02-300x169.jpg 300w, https:\/\/hoover.gplrank.de\/wp-content\/uploads\/2018\/07\/silbermoewe02-768x433.jpg 768w, https:\/\/hoover.gplrank.de\/wp-content\/uploads\/2018\/07\/silbermoewe02-624x352.jpg 624w, https:\/\/hoover.gplrank.de\/wp-content\/uploads\/2018\/07\/silbermoewe02.jpg 1200w\" sizes=\"auto, (max-width: 625px) 100vw, 625px\" \/><\/a> <a href=\"https:\/\/hoover.gplrank.de\/wp-content\/uploads\/2018\/07\/silbermoewe01.jpg\"><img loading=\"lazy\" decoding=\"async\" class=\"aligncenter size-large wp-image-1796\" src=\"https:\/\/hoover.gplrank.de\/wp-content\/uploads\/2018\/07\/silbermoewe01-1024x576.jpg\" alt=\"\" width=\"625\" height=\"352\" srcset=\"https:\/\/hoover.gplrank.de\/wp-content\/uploads\/2018\/07\/silbermoewe01-1024x576.jpg 1024w, https:\/\/hoover.gplrank.de\/wp-content\/uploads\/2018\/07\/silbermoewe01-300x169.jpg 300w, https:\/\/hoover.gplrank.de\/wp-content\/uploads\/2018\/07\/silbermoewe01-768x432.jpg 768w, https:\/\/hoover.gplrank.de\/wp-content\/uploads\/2018\/07\/silbermoewe01-624x351.jpg 624w, https:\/\/hoover.gplrank.de\/wp-content\/uploads\/2018\/07\/silbermoewe01.jpg 1200w\" sizes=\"auto, (max-width: 625px) 100vw, 625px\" \/><\/a><\/p>\n<p>Gr\u00f6mitz<\/p>\n<p><a href=\"https:\/\/hoover.gplrank.de\/wp-content\/uploads\/2016\/12\/silberm01.jpg\"><img loading=\"lazy\" decoding=\"async\" class=\"aligncenter size-large wp-image-1416\" src=\"https:\/\/hoover.gplrank.de\/wp-content\/uploads\/2016\/12\/silberm01-1024x768.jpg\" alt=\"\" width=\"625\" height=\"469\" srcset=\"https:\/\/hoover.gplrank.de\/wp-content\/uploads\/2016\/12\/silberm01-1024x768.jpg 1024w, https:\/\/hoover.gplrank.de\/wp-content\/uploads\/2016\/12\/silberm01-300x225.jpg 300w, https:\/\/hoover.gplrank.de\/wp-content\/uploads\/2016\/12\/silberm01-768x576.jpg 768w, https:\/\/hoover.gplrank.de\/wp-content\/uploads\/2016\/12\/silberm01-624x468.jpg 624w, https:\/\/hoover.gplrank.de\/wp-content\/uploads\/2016\/12\/silberm01.jpg 1200w\" sizes=\"auto, (max-width: 625px) 100vw, 625px\" \/><\/a><\/p>\n<ul id=\"wp-image-1416\" class=\"exif\"><li class=\"aperture\">Aperture: &#402;\/5.6<\/li><li class=\"camera\">Camera: COOLPIX P900<\/li><li class=\"created_timestamp\">Taken: 19 April, 2017<\/li><li class=\"flash\">Flash fired: no<\/li><li class=\"focal_length\">Focal length: 116mm<\/li><li class=\"iso\">ISO: 100<\/li><li class=\"shutter_speed\">Shutter speed: 1\/800s<\/li><\/ul>\n<p>Baltrum<\/p>\n<p><a href=\"https:\/\/hoover.gplrank.de\/wp-content\/uploads\/2016\/12\/silbermoewe-1.jpg\"><img loading=\"lazy\" decoding=\"async\" class=\"aligncenter size-large wp-image-1103\" src=\"https:\/\/hoover.gplrank.de\/wp-content\/uploads\/2016\/12\/silbermoewe-1-1024x744.jpg\" alt=\"\" width=\"625\" height=\"454\" srcset=\"https:\/\/hoover.gplrank.de\/wp-content\/uploads\/2016\/12\/silbermoewe-1-1024x744.jpg 1024w, https:\/\/hoover.gplrank.de\/wp-content\/uploads\/2016\/12\/silbermoewe-1-300x218.jpg 300w, https:\/\/hoover.gplrank.de\/wp-content\/uploads\/2016\/12\/silbermoewe-1-768x558.jpg 768w, https:\/\/hoover.gplrank.de\/wp-content\/uploads\/2016\/12\/silbermoewe-1-624x453.jpg 624w, https:\/\/hoover.gplrank.de\/wp-content\/uploads\/2016\/12\/silbermoewe-1.jpg 1200w\" sizes=\"auto, (max-width: 625px) 100vw, 625px\" \/><\/a><\/p>\n<p>Gro\u00dfer Weserbogen<\/p>\n<p><a href=\"https:\/\/hoover.gplrank.de\/wp-content\/uploads\/2016\/12\/silbermoewe.jpg\"><img loading=\"lazy\" decoding=\"async\" class=\"aligncenter size-full wp-image-995\" src=\"https:\/\/hoover.gplrank.de\/wp-content\/uploads\/2016\/12\/silbermoewe.jpg\" alt=\"silbermoewe\" width=\"617\" height=\"425\" \/><\/a><\/p>\n<p>Gro\u00dfer Weserbogen<\/p>\n","protected":false},"excerpt":{"rendered":"<p>Gr\u00f6mitz Baltrum Gro\u00dfer Weserbogen Gro\u00dfer Weserbogen<\/p>\n","protected":false},"author":1,"featured_media":0,"parent":730,"menu_order":0,"comment_status":"closed","ping_status":"closed","template":"bird.php","meta":{"footnotes":""},"class_list":["post-994","page","type-page","status-publish","hentry"],"_links":{"self":[{"href":"https:\/\/hoover.gplrank.de\/index.php?rest_route=\/wp\/v2\/pages\/994","targetHints":{"allow":["GET"]}}],"collection":[{"href":"https:\/\/hoover.gplrank.de\/index.php?rest_route=\/wp\/v2\/pages"}],"about":[{"href":"https:\/\/hoover.gplrank.de\/index.php?rest_route=\/wp\/v2\/types\/page"}],"author":[{"embeddable":true,"href":"https:\/\/hoover.gplrank.de\/index.php?rest_route=\/wp\/v2\/users\/1"}],"replies":[{"embeddable":true,"href":"https:\/\/hoover.gplrank.de\/index.php?rest_route=%2Fwp%2Fv2%2Fcomments&post=994"}],"version-history":[{"count":4,"href":"https:\/\/hoover.gplrank.de\/index.php?rest_route=\/wp\/v2\/pages\/994\/revisions"}],"predecessor-version":[{"id":1797,"href":"https:\/\/hoover.gplrank.de\/index.php?rest_route=\/wp\/v2\/pages\/994\/revisions\/1797"}],"up":[{"embeddable":true,"href":"https:\/\/hoover.gplrank.de\/index.php?rest_route=\/wp\/v2\/pages\/730"}],"wp:attachment":[{"href":"https:\/\/hoover.gplrank.de\/index.php?rest_route=%2Fwp%2Fv2%2Fmedia&parent=994"}],"curies":[{"name":"wp","href":"https:\/\/api.w.org\/{rel}","templated":true}]}}