{"id":865,"date":"2016-10-08T11:13:47","date_gmt":"2016-10-08T10:13:47","guid":{"rendered":"https:\/\/hoover.gplrank.de\/?page_id=865"},"modified":"2017-08-01T10:44:30","modified_gmt":"2017-08-01T09:44:30","slug":"01520-hockerschwan-mute-swan","status":"publish","type":"page","link":"https:\/\/hoover.gplrank.de\/?page_id=865","title":{"rendered":"(01520) H\u00f6ckerschwan \/ Mute Swan"},"content":{"rendered":"<p>&nbsp;<\/p>\n<p><a href=\"https:\/\/hoover.gplrank.de\/wp-content\/uploads\/2016\/10\/hoeckerschwan01-1.jpg\"><img loading=\"lazy\" decoding=\"async\" class=\"aligncenter size-large wp-image-1530\" src=\"https:\/\/hoover.gplrank.de\/wp-content\/uploads\/2016\/10\/hoeckerschwan01-1-1024x768.jpg\" alt=\"\" width=\"625\" height=\"469\" srcset=\"https:\/\/hoover.gplrank.de\/wp-content\/uploads\/2016\/10\/hoeckerschwan01-1-1024x768.jpg 1024w, https:\/\/hoover.gplrank.de\/wp-content\/uploads\/2016\/10\/hoeckerschwan01-1-300x225.jpg 300w, https:\/\/hoover.gplrank.de\/wp-content\/uploads\/2016\/10\/hoeckerschwan01-1-768x576.jpg 768w, https:\/\/hoover.gplrank.de\/wp-content\/uploads\/2016\/10\/hoeckerschwan01-1-624x468.jpg 624w, https:\/\/hoover.gplrank.de\/wp-content\/uploads\/2016\/10\/hoeckerschwan01-1.jpg 1200w\" sizes=\"auto, (max-width: 625px) 100vw, 625px\" \/><\/a><\/p>\n<p><a href=\"https:\/\/hoover.gplrank.de\/wp-content\/uploads\/2016\/10\/hoeckerschwan02-1.jpg\"><ul id=\"wp-image-1530\" class=\"exif\"><li class=\"aperture\">Aperture: &#402;\/5.6<\/li><li class=\"camera\">Camera: COOLPIX P900<\/li><li class=\"created_timestamp\">Taken: 17 June, 2017<\/li><li class=\"flash\">Flash fired: no<\/li><li class=\"focal_length\">Focal length: 170mm<\/li><li class=\"iso\">ISO: 400<\/li><li class=\"shutter_speed\">Shutter speed: 1\/400s<\/li><\/ul><\/a><\/p>\n<p>juv. grown significantly \ud83d\ude42<a href=\"https:\/\/hoover.gplrank.de\/wp-content\/uploads\/2016\/10\/hoeckerschwan02-1.jpg\"><img loading=\"lazy\" decoding=\"async\" class=\"aligncenter size-large wp-image-1507\" src=\"https:\/\/hoover.gplrank.de\/wp-content\/uploads\/2016\/10\/hoeckerschwan02-1-1024x768.jpg\" alt=\"\" width=\"625\" height=\"469\" srcset=\"https:\/\/hoover.gplrank.de\/wp-content\/uploads\/2016\/10\/hoeckerschwan02-1-1024x768.jpg 1024w, https:\/\/hoover.gplrank.de\/wp-content\/uploads\/2016\/10\/hoeckerschwan02-1-300x225.jpg 300w, https:\/\/hoover.gplrank.de\/wp-content\/uploads\/2016\/10\/hoeckerschwan02-1-768x576.jpg 768w, https:\/\/hoover.gplrank.de\/wp-content\/uploads\/2016\/10\/hoeckerschwan02-1-624x468.jpg 624w, https:\/\/hoover.gplrank.de\/wp-content\/uploads\/2016\/10\/hoeckerschwan02-1.jpg 1200w\" sizes=\"auto, (max-width: 625px) 100vw, 625px\" \/><\/a><\/p>\n<p>&nbsp;<\/p>\n<p><a href=\"https:\/\/hoover.gplrank.de\/wp-content\/uploads\/2016\/10\/hoeckerschwan01.jpg\"><ul id=\"wp-image-1507\" class=\"exif\"><li class=\"aperture\">Aperture: &#402;\/6.5<\/li><li class=\"camera\">Camera: COOLPIX P900<\/li><li class=\"created_timestamp\">Taken: 20 May, 2017<\/li><li class=\"exposure_bias\">Exposure bias: -7\/10EV<\/li><li class=\"flash\">Flash fired: no<\/li><li class=\"focal_length\">Focal length: 357mm<\/li><li class=\"iso\">ISO: 160<\/li><li class=\"shutter_speed\">Shutter speed: 1\/500s<\/li><\/ul><\/a><\/p>\n<p>F\u00fcllenbruch<a href=\"https:\/\/hoover.gplrank.de\/wp-content\/uploads\/2016\/10\/hoeckerschwan01.jpg\"><img loading=\"lazy\" decoding=\"async\" class=\"aligncenter size-large wp-image-1487\" src=\"https:\/\/hoover.gplrank.de\/wp-content\/uploads\/2016\/10\/hoeckerschwan01-1024x768.jpg\" alt=\"\" width=\"625\" height=\"469\" srcset=\"https:\/\/hoover.gplrank.de\/wp-content\/uploads\/2016\/10\/hoeckerschwan01-1024x768.jpg 1024w, https:\/\/hoover.gplrank.de\/wp-content\/uploads\/2016\/10\/hoeckerschwan01-300x225.jpg 300w, https:\/\/hoover.gplrank.de\/wp-content\/uploads\/2016\/10\/hoeckerschwan01-768x576.jpg 768w, https:\/\/hoover.gplrank.de\/wp-content\/uploads\/2016\/10\/hoeckerschwan01-624x468.jpg 624w, https:\/\/hoover.gplrank.de\/wp-content\/uploads\/2016\/10\/hoeckerschwan01.jpg 1200w\" sizes=\"auto, (max-width: 625px) 100vw, 625px\" \/><\/a> <a href=\"https:\/\/hoover.gplrank.de\/wp-content\/uploads\/2016\/10\/hoeckerschwan02.jpg\"><img loading=\"lazy\" decoding=\"async\" class=\"aligncenter size-large wp-image-1488\" src=\"https:\/\/hoover.gplrank.de\/wp-content\/uploads\/2016\/10\/hoeckerschwan02-1024x915.jpg\" alt=\"\" width=\"625\" height=\"558\" srcset=\"https:\/\/hoover.gplrank.de\/wp-content\/uploads\/2016\/10\/hoeckerschwan02-1024x915.jpg 1024w, https:\/\/hoover.gplrank.de\/wp-content\/uploads\/2016\/10\/hoeckerschwan02-300x268.jpg 300w, https:\/\/hoover.gplrank.de\/wp-content\/uploads\/2016\/10\/hoeckerschwan02-768x686.jpg 768w, https:\/\/hoover.gplrank.de\/wp-content\/uploads\/2016\/10\/hoeckerschwan02-624x557.jpg 624w, https:\/\/hoover.gplrank.de\/wp-content\/uploads\/2016\/10\/hoeckerschwan02.jpg 1200w\" sizes=\"auto, (max-width: 625px) 100vw, 625px\" \/><\/a><\/p>\n<p>Juv. just a few days old<\/p>\n<p>F\u00fcllenbruch HF<a href=\"https:\/\/hoover.gplrank.de\/wp-content\/uploads\/2016\/10\/hoeckerschwan.jpg\"><img loading=\"lazy\" decoding=\"async\" class=\"aligncenter size-large wp-image-911\" src=\"https:\/\/hoover.gplrank.de\/wp-content\/uploads\/2016\/10\/hoeckerschwan-1024x768.jpg\" alt=\"hoeckerschwan\" width=\"625\" height=\"469\" srcset=\"https:\/\/hoover.gplrank.de\/wp-content\/uploads\/2016\/10\/hoeckerschwan-1024x768.jpg 1024w, https:\/\/hoover.gplrank.de\/wp-content\/uploads\/2016\/10\/hoeckerschwan-300x225.jpg 300w, https:\/\/hoover.gplrank.de\/wp-content\/uploads\/2016\/10\/hoeckerschwan-768x576.jpg 768w, https:\/\/hoover.gplrank.de\/wp-content\/uploads\/2016\/10\/hoeckerschwan-624x468.jpg 624w, https:\/\/hoover.gplrank.de\/wp-content\/uploads\/2016\/10\/hoeckerschwan.jpg 1200w\" sizes=\"auto, (max-width: 625px) 100vw, 625px\" \/><\/a><\/p>\n<p>Gro\u00dfer Weserbogen<\/p>\n<ul id=\"wp-image-911\" class=\"exif\"><li class=\"aperture\">Aperture: &#402;\/7.1<\/li><li class=\"camera\">Camera: COOLPIX P900<\/li><li class=\"created_timestamp\">Taken: 9 October, 2016<\/li><li class=\"exposure_bias\">Exposure bias: -3\/10EV<\/li><li class=\"flash\">Flash fired: no<\/li><li class=\"focal_length\">Focal length: 321mm<\/li><li class=\"iso\">ISO: 200<\/li><li class=\"shutter_speed\">Shutter speed: 1\/500s<\/li><\/ul>\n<p><a href=\"https:\/\/hoover.gplrank.de\/wp-content\/uploads\/2016\/10\/DSCN0371.jpg\"><img loading=\"lazy\" decoding=\"async\" class=\"aligncenter size-large wp-image-866\" src=\"https:\/\/hoover.gplrank.de\/wp-content\/uploads\/2016\/10\/DSCN0371-1024x768.jpg\" alt=\"dscn0371\" width=\"625\" height=\"469\" srcset=\"https:\/\/hoover.gplrank.de\/wp-content\/uploads\/2016\/10\/DSCN0371-1024x768.jpg 1024w, https:\/\/hoover.gplrank.de\/wp-content\/uploads\/2016\/10\/DSCN0371-300x225.jpg 300w, https:\/\/hoover.gplrank.de\/wp-content\/uploads\/2016\/10\/DSCN0371-768x576.jpg 768w, https:\/\/hoover.gplrank.de\/wp-content\/uploads\/2016\/10\/DSCN0371-624x468.jpg 624w\" sizes=\"auto, (max-width: 625px) 100vw, 625px\" \/><\/a><\/p>\n<p>F\u00fcllenbruch<\/p>\n<ul id=\"wp-image-866\" class=\"exif\"><li class=\"aperture\">Aperture: &#402;\/5.6<\/li><li class=\"camera\">Camera: COOLPIX P900<\/li><li class=\"created_timestamp\">Taken: 8 October, 2016<\/li><li class=\"flash\">Flash fired: no<\/li><li class=\"focal_length\">Focal length: 143mm<\/li><li class=\"iso\">ISO: 400<\/li><li class=\"shutter_speed\">Shutter speed: 1\/160s<\/li><\/ul>\n<p>&nbsp;<\/p>\n","protected":false},"excerpt":{"rendered":"<p>&nbsp; juv. grown significantly \ud83d\ude42 &nbsp; F\u00fcllenbruch Juv. just a few days old F\u00fcllenbruch HF Gro\u00dfer Weserbogen F\u00fcllenbruch &nbsp;<\/p>\n","protected":false},"author":1,"featured_media":0,"parent":730,"menu_order":1520,"comment_status":"closed","ping_status":"closed","template":"bird.php","meta":{"footnotes":""},"class_list":["post-865","page","type-page","status-publish","hentry"],"_links":{"self":[{"href":"https:\/\/hoover.gplrank.de\/index.php?rest_route=\/wp\/v2\/pages\/865","targetHints":{"allow":["GET"]}}],"collection":[{"href":"https:\/\/hoover.gplrank.de\/index.php?rest_route=\/wp\/v2\/pages"}],"about":[{"href":"https:\/\/hoover.gplrank.de\/index.php?rest_route=\/wp\/v2\/types\/page"}],"author":[{"embeddable":true,"href":"https:\/\/hoover.gplrank.de\/index.php?rest_route=\/wp\/v2\/users\/1"}],"replies":[{"embeddable":true,"href":"https:\/\/hoover.gplrank.de\/index.php?rest_route=%2Fwp%2Fv2%2Fcomments&post=865"}],"version-history":[{"count":6,"href":"https:\/\/hoover.gplrank.de\/index.php?rest_route=\/wp\/v2\/pages\/865\/revisions"}],"predecessor-version":[{"id":1531,"href":"https:\/\/hoover.gplrank.de\/index.php?rest_route=\/wp\/v2\/pages\/865\/revisions\/1531"}],"up":[{"embeddable":true,"href":"https:\/\/hoover.gplrank.de\/index.php?rest_route=\/wp\/v2\/pages\/730"}],"wp:attachment":[{"href":"https:\/\/hoover.gplrank.de\/index.php?rest_route=%2Fwp%2Fv2%2Fmedia&parent=865"}],"curies":[{"name":"wp","href":"https:\/\/api.w.org\/{rel}","templated":true}]}}