{"id":786,"date":"2016-10-07T09:17:59","date_gmt":"2016-10-07T08:17:59","guid":{"rendered":"https:\/\/hoover.gplrank.de\/?page_id=786"},"modified":"2022-07-03T12:51:31","modified_gmt":"2022-07-03T11:51:31","slug":"10000-goldammer-yellowhammer","status":"publish","type":"page","link":"https:\/\/hoover.gplrank.de\/?page_id=786","title":{"rendered":"(18570) Goldammer \/ Yellowhammer"},"content":{"rendered":"<p><img loading=\"lazy\" decoding=\"async\" class=\"aligncenter size-full wp-image-2206\" src=\"https:\/\/hoover.gplrank.de\/wp-content\/uploads\/2022\/07\/image-2.png\" alt=\"\" width=\"797\" height=\"877\" srcset=\"https:\/\/hoover.gplrank.de\/wp-content\/uploads\/2022\/07\/image-2.png 797w, https:\/\/hoover.gplrank.de\/wp-content\/uploads\/2022\/07\/image-2-273x300.png 273w, https:\/\/hoover.gplrank.de\/wp-content\/uploads\/2022\/07\/image-2-768x845.png 768w, https:\/\/hoover.gplrank.de\/wp-content\/uploads\/2022\/07\/image-2-624x687.png 624w\" sizes=\"auto, (max-width: 797px) 100vw, 797px\" \/> <img loading=\"lazy\" decoding=\"async\" class=\"aligncenter size-large wp-image-2207\" src=\"https:\/\/hoover.gplrank.de\/wp-content\/uploads\/2022\/07\/image-1.png\" alt=\"\" width=\"625\" height=\"630\" srcset=\"https:\/\/hoover.gplrank.de\/wp-content\/uploads\/2022\/07\/image-1.png 828w, https:\/\/hoover.gplrank.de\/wp-content\/uploads\/2022\/07\/image-1-298x300.png 298w, https:\/\/hoover.gplrank.de\/wp-content\/uploads\/2022\/07\/image-1-150x150.png 150w, https:\/\/hoover.gplrank.de\/wp-content\/uploads\/2022\/07\/image-1-768x774.png 768w, https:\/\/hoover.gplrank.de\/wp-content\/uploads\/2022\/07\/image-1-624x629.png 624w\" sizes=\"auto, (max-width: 625px) 100vw, 625px\" \/> <img loading=\"lazy\" decoding=\"async\" class=\"aligncenter size-large wp-image-2208\" src=\"https:\/\/hoover.gplrank.de\/wp-content\/uploads\/2022\/07\/image-1-1.png\" alt=\"\" width=\"625\" height=\"723\" srcset=\"https:\/\/hoover.gplrank.de\/wp-content\/uploads\/2022\/07\/image-1-1.png 739w, https:\/\/hoover.gplrank.de\/wp-content\/uploads\/2022\/07\/image-1-1-259x300.png 259w, https:\/\/hoover.gplrank.de\/wp-content\/uploads\/2022\/07\/image-1-1-624x722.png 624w\" sizes=\"auto, (max-width: 625px) 100vw, 625px\" \/><\/p>\n<p>F\u00fcllenbruch<a href=\"https:\/\/hoover.gplrank.de\/wp-content\/uploads\/2016\/10\/goldammer01.jpg\"><img loading=\"lazy\" decoding=\"async\" class=\"aligncenter size-large wp-image-1453\" src=\"https:\/\/hoover.gplrank.de\/wp-content\/uploads\/2016\/10\/goldammer01-1024x736.jpg\" alt=\"\" width=\"625\" height=\"449\" srcset=\"https:\/\/hoover.gplrank.de\/wp-content\/uploads\/2016\/10\/goldammer01-1024x736.jpg 1024w, https:\/\/hoover.gplrank.de\/wp-content\/uploads\/2016\/10\/goldammer01-300x216.jpg 300w, https:\/\/hoover.gplrank.de\/wp-content\/uploads\/2016\/10\/goldammer01-768x552.jpg 768w, https:\/\/hoover.gplrank.de\/wp-content\/uploads\/2016\/10\/goldammer01-624x449.jpg 624w, https:\/\/hoover.gplrank.de\/wp-content\/uploads\/2016\/10\/goldammer01.jpg 1200w\" sizes=\"auto, (max-width: 625px) 100vw, 625px\" \/><\/a><\/p>\n<p><a href=\"https:\/\/hoover.gplrank.de\/wp-content\/uploads\/2016\/10\/goldammer.jpg\"><ul id=\"wp-image-1453\" class=\"exif\"><li class=\"aperture\">Aperture: &#402;\/6.3<\/li><li class=\"camera\">Camera: COOLPIX P900<\/li><li class=\"created_timestamp\">Taken: 6 May, 2017<\/li><li class=\"flash\">Flash fired: no<\/li><li class=\"focal_length\">Focal length: 321mm<\/li><li class=\"iso\">ISO: 400<\/li><li class=\"shutter_speed\">Shutter speed: 1\/400s<\/li><\/ul><\/a><\/p>\n<p>F\u00fcllenbruch<a href=\"https:\/\/hoover.gplrank.de\/wp-content\/uploads\/2016\/10\/goldammer.jpg\"><img loading=\"lazy\" decoding=\"async\" class=\"aligncenter size-large wp-image-1239\" src=\"https:\/\/hoover.gplrank.de\/wp-content\/uploads\/2016\/10\/goldammer-1024x821.jpg\" alt=\"\" width=\"625\" height=\"501\" srcset=\"https:\/\/hoover.gplrank.de\/wp-content\/uploads\/2016\/10\/goldammer.jpg 1024w, https:\/\/hoover.gplrank.de\/wp-content\/uploads\/2016\/10\/goldammer-300x241.jpg 300w, https:\/\/hoover.gplrank.de\/wp-content\/uploads\/2016\/10\/goldammer-768x616.jpg 768w, https:\/\/hoover.gplrank.de\/wp-content\/uploads\/2016\/10\/goldammer-624x500.jpg 624w\" sizes=\"auto, (max-width: 625px) 100vw, 625px\" \/><\/a><\/p>\n<p><a href=\"https:\/\/hoover.gplrank.de\/wp-content\/uploads\/2016\/10\/DSCN0389.jpg\"><ul id=\"wp-image-1239\" class=\"exif\"><li class=\"aperture\">Aperture: &#402;\/5<\/li><li class=\"camera\">Camera: COOLPIX P900<\/li><li class=\"created_timestamp\">Taken: 8 April, 2017<\/li><li class=\"flash\">Flash fired: no<\/li><li class=\"focal_length\">Focal length: 107mm<\/li><li class=\"iso\">ISO: 100<\/li><li class=\"shutter_speed\">Shutter speed: 1\/800s<\/li><\/ul><\/a><\/p>\n<p>F\u00fcllenbruch<a href=\"https:\/\/hoover.gplrank.de\/wp-content\/uploads\/2016\/10\/DSCN0389.jpg\"><img loading=\"lazy\" decoding=\"async\" class=\"aligncenter size-large wp-image-879\" src=\"https:\/\/hoover.gplrank.de\/wp-content\/uploads\/2016\/10\/DSCN0389-1024x801.jpg\" alt=\"dscn0389\" width=\"625\" height=\"489\" srcset=\"https:\/\/hoover.gplrank.de\/wp-content\/uploads\/2016\/10\/DSCN0389-1024x801.jpg 1024w, https:\/\/hoover.gplrank.de\/wp-content\/uploads\/2016\/10\/DSCN0389-300x235.jpg 300w, https:\/\/hoover.gplrank.de\/wp-content\/uploads\/2016\/10\/DSCN0389-768x601.jpg 768w, https:\/\/hoover.gplrank.de\/wp-content\/uploads\/2016\/10\/DSCN0389-624x488.jpg 624w\" sizes=\"auto, (max-width: 625px) 100vw, 625px\" \/><\/a><\/p>\n<p>F\u00fcllenbruch<\/p>\n<ul id=\"wp-image-879\" class=\"exif\"><li class=\"aperture\">Aperture: &#402;\/6.5<\/li><li class=\"camera\">Camera: COOLPIX P900<\/li><li class=\"created_timestamp\">Taken: 8 October, 2016<\/li><li class=\"flash\">Flash fired: no<\/li><li class=\"focal_length\">Focal length: 714mm<\/li><li class=\"iso\">ISO: 800<\/li><li class=\"shutter_speed\">Shutter speed: 1\/125s<\/li><\/ul>\n<p><a href=\"https:\/\/hoover.gplrank.de\/wp-content\/uploads\/2016\/10\/DSCN0267.jpg\"><img loading=\"lazy\" decoding=\"async\" class=\"aligncenter size-large wp-image-787\" src=\"https:\/\/hoover.gplrank.de\/wp-content\/uploads\/2016\/10\/DSCN0267-1024x741.jpg\" alt=\"dscn0267\" width=\"625\" height=\"452\" srcset=\"https:\/\/hoover.gplrank.de\/wp-content\/uploads\/2016\/10\/DSCN0267-1024x741.jpg 1024w, https:\/\/hoover.gplrank.de\/wp-content\/uploads\/2016\/10\/DSCN0267-300x217.jpg 300w, https:\/\/hoover.gplrank.de\/wp-content\/uploads\/2016\/10\/DSCN0267-768x556.jpg 768w, https:\/\/hoover.gplrank.de\/wp-content\/uploads\/2016\/10\/DSCN0267-624x452.jpg 624w, https:\/\/hoover.gplrank.de\/wp-content\/uploads\/2016\/10\/DSCN0267.jpg 1214w\" sizes=\"auto, (max-width: 625px) 100vw, 625px\" \/><\/a><\/p>\n<p>Bielefeld, Schwedenschanze<\/p>\n<ul id=\"wp-image-787\" class=\"exif\"><li class=\"aperture\">Aperture: &#402;\/6.5<\/li><li class=\"camera\">Camera: COOLPIX P900<\/li><li class=\"created_timestamp\">Taken: 3 October, 2016<\/li><li class=\"flash\">Flash fired: no<\/li><li class=\"focal_length\">Focal length: 357mm<\/li><li class=\"iso\">ISO: 280<\/li><li class=\"shutter_speed\">Shutter speed: 1\/500s<\/li><\/ul>\n","protected":false},"excerpt":{"rendered":"<p>F\u00fcllenbruch F\u00fcllenbruch F\u00fcllenbruch F\u00fcllenbruch Bielefeld, Schwedenschanze<\/p>\n","protected":false},"author":1,"featured_media":0,"parent":730,"menu_order":0,"comment_status":"closed","ping_status":"closed","template":"bird.php","meta":{"footnotes":""},"class_list":["post-786","page","type-page","status-publish","hentry"],"_links":{"self":[{"href":"https:\/\/hoover.gplrank.de\/index.php?rest_route=\/wp\/v2\/pages\/786","targetHints":{"allow":["GET"]}}],"collection":[{"href":"https:\/\/hoover.gplrank.de\/index.php?rest_route=\/wp\/v2\/pages"}],"about":[{"href":"https:\/\/hoover.gplrank.de\/index.php?rest_route=\/wp\/v2\/types\/page"}],"author":[{"embeddable":true,"href":"https:\/\/hoover.gplrank.de\/index.php?rest_route=\/wp\/v2\/users\/1"}],"replies":[{"embeddable":true,"href":"https:\/\/hoover.gplrank.de\/index.php?rest_route=%2Fwp%2Fv2%2Fcomments&post=786"}],"version-history":[{"count":8,"href":"https:\/\/hoover.gplrank.de\/index.php?rest_route=\/wp\/v2\/pages\/786\/revisions"}],"predecessor-version":[{"id":2210,"href":"https:\/\/hoover.gplrank.de\/index.php?rest_route=\/wp\/v2\/pages\/786\/revisions\/2210"}],"up":[{"embeddable":true,"href":"https:\/\/hoover.gplrank.de\/index.php?rest_route=\/wp\/v2\/pages\/730"}],"wp:attachment":[{"href":"https:\/\/hoover.gplrank.de\/index.php?rest_route=%2Fwp%2Fv2%2Fmedia&parent=786"}],"curies":[{"name":"wp","href":"https:\/\/api.w.org\/{rel}","templated":true}]}}