{"id":1461,"date":"2017-05-08T09:38:39","date_gmt":"2017-05-08T08:38:39","guid":{"rendered":"https:\/\/hoover.gplrank.de\/?page_id=1461"},"modified":"2018-04-16T10:10:53","modified_gmt":"2018-04-16T09:10:53","slug":"18770-rohrammer-common-reed-bunting","status":"publish","type":"page","link":"https:\/\/hoover.gplrank.de\/?page_id=1461","title":{"rendered":"(18770) Rohrammer \/ Common Reed Bunting"},"content":{"rendered":"<p><a href=\"https:\/\/hoover.gplrank.de\/wp-content\/uploads\/2018\/04\/rohrammer01.jpg\"><img loading=\"lazy\" decoding=\"async\" class=\"aligncenter size-large wp-image-1760\" src=\"https:\/\/hoover.gplrank.de\/wp-content\/uploads\/2018\/04\/rohrammer01-1024x576.jpg\" alt=\"\" width=\"625\" height=\"352\" srcset=\"https:\/\/hoover.gplrank.de\/wp-content\/uploads\/2018\/04\/rohrammer01-1024x576.jpg 1024w, https:\/\/hoover.gplrank.de\/wp-content\/uploads\/2018\/04\/rohrammer01-300x169.jpg 300w, https:\/\/hoover.gplrank.de\/wp-content\/uploads\/2018\/04\/rohrammer01-768x432.jpg 768w, https:\/\/hoover.gplrank.de\/wp-content\/uploads\/2018\/04\/rohrammer01-624x351.jpg 624w\" sizes=\"auto, (max-width: 625px) 100vw, 625px\" \/><\/a><\/p>\n<ul id=\"wp-image-1760\" class=\"exif\"><li class=\"aperture\">Aperture: &#402;\/6.3<\/li><li class=\"camera\">Camera: COOLPIX P900<\/li><li class=\"created_timestamp\">Taken: 24 March, 2018<\/li><li class=\"flash\">Flash fired: no<\/li><li class=\"focal_length\">Focal length: 321mm<\/li><li class=\"iso\">ISO: 250<\/li><li class=\"shutter_speed\">Shutter speed: 1\/500s<\/li><\/ul>\n<p>Enger Bruch<\/p>\n<p><a href=\"https:\/\/hoover.gplrank.de\/wp-content\/uploads\/2017\/05\/rohrammer01-2.jpg\"><img loading=\"lazy\" decoding=\"async\" class=\"aligncenter size-large wp-image-1523\" src=\"https:\/\/hoover.gplrank.de\/wp-content\/uploads\/2017\/05\/rohrammer01-2-864x1024.jpg\" alt=\"\" width=\"625\" height=\"741\" srcset=\"https:\/\/hoover.gplrank.de\/wp-content\/uploads\/2017\/05\/rohrammer01-2-864x1024.jpg 864w, https:\/\/hoover.gplrank.de\/wp-content\/uploads\/2017\/05\/rohrammer01-2-253x300.jpg 253w, https:\/\/hoover.gplrank.de\/wp-content\/uploads\/2017\/05\/rohrammer01-2-768x911.jpg 768w, https:\/\/hoover.gplrank.de\/wp-content\/uploads\/2017\/05\/rohrammer01-2-624x740.jpg 624w, https:\/\/hoover.gplrank.de\/wp-content\/uploads\/2017\/05\/rohrammer01-2.jpg 1012w\" sizes=\"auto, (max-width: 625px) 100vw, 625px\" \/><\/a><\/p>\n<p>Male singing<\/p>\n<p>F\u00fcllenbruch<\/p>\n<p><a href=\"https:\/\/hoover.gplrank.de\/wp-content\/uploads\/2017\/05\/rohrammer01-1.jpg\"><ul id=\"wp-image-1523\" class=\"exif\"><li class=\"aperture\">Aperture: &#402;\/6.3<\/li><li class=\"camera\">Camera: COOLPIX P900<\/li><li class=\"created_timestamp\">Taken: 10 June, 2017<\/li><li class=\"flash\">Flash fired: no<\/li><li class=\"focal_length\">Focal length: 285mm<\/li><li class=\"iso\">ISO: 110<\/li><li class=\"shutter_speed\">Shutter speed: 1\/500s<\/li><\/ul><img loading=\"lazy\" decoding=\"async\" class=\"aligncenter size-large wp-image-1502\" src=\"https:\/\/hoover.gplrank.de\/wp-content\/uploads\/2017\/05\/rohrammer01-1-1024x699.jpg\" alt=\"\" width=\"625\" height=\"427\" srcset=\"https:\/\/hoover.gplrank.de\/wp-content\/uploads\/2017\/05\/rohrammer01-1-1024x699.jpg 1024w, https:\/\/hoover.gplrank.de\/wp-content\/uploads\/2017\/05\/rohrammer01-1-300x205.jpg 300w, https:\/\/hoover.gplrank.de\/wp-content\/uploads\/2017\/05\/rohrammer01-1-768x524.jpg 768w, https:\/\/hoover.gplrank.de\/wp-content\/uploads\/2017\/05\/rohrammer01-1-624x426.jpg 624w, https:\/\/hoover.gplrank.de\/wp-content\/uploads\/2017\/05\/rohrammer01-1.jpg 1200w\" sizes=\"auto, (max-width: 625px) 100vw, 625px\" \/><\/a><\/p>\n<p>F\u00fcllenbruch<\/p>\n<p><a href=\"https:\/\/hoover.gplrank.de\/wp-content\/uploads\/2017\/05\/rohrammer01.jpg\"><ul id=\"wp-image-1502\" class=\"exif\"><li class=\"aperture\">Aperture: &#402;\/6.3<\/li><li class=\"camera\">Camera: COOLPIX P900<\/li><li class=\"created_timestamp\">Taken: 20 May, 2017<\/li><li class=\"flash\">Flash fired: no<\/li><li class=\"focal_length\">Focal length: 321mm<\/li><li class=\"iso\">ISO: 125<\/li><li class=\"shutter_speed\">Shutter speed: 1\/500s<\/li><\/ul><img loading=\"lazy\" decoding=\"async\" class=\"aligncenter size-large wp-image-1462\" src=\"https:\/\/hoover.gplrank.de\/wp-content\/uploads\/2017\/05\/rohrammer01-1024x683.jpg\" alt=\"\" width=\"625\" height=\"417\" srcset=\"https:\/\/hoover.gplrank.de\/wp-content\/uploads\/2017\/05\/rohrammer01-1024x683.jpg 1024w, https:\/\/hoover.gplrank.de\/wp-content\/uploads\/2017\/05\/rohrammer01-300x200.jpg 300w, https:\/\/hoover.gplrank.de\/wp-content\/uploads\/2017\/05\/rohrammer01-768x512.jpg 768w, https:\/\/hoover.gplrank.de\/wp-content\/uploads\/2017\/05\/rohrammer01-624x416.jpg 624w, https:\/\/hoover.gplrank.de\/wp-content\/uploads\/2017\/05\/rohrammer01.jpg 1416w\" sizes=\"auto, (max-width: 625px) 100vw, 625px\" \/><\/a><\/p>\n<ul id=\"wp-image-1462\" class=\"exif\"><li class=\"aperture\">Aperture: &#402;\/5.6<\/li><li class=\"camera\">Camera: COOLPIX P900<\/li><li class=\"created_timestamp\">Taken: 6 May, 2017<\/li><li class=\"flash\">Flash fired: no<\/li><li class=\"focal_length\">Focal length: 178mm<\/li><li class=\"iso\">ISO: 200<\/li><li class=\"shutter_speed\">Shutter speed: 1\/500s<\/li><\/ul>\n<p>F\u00fcllenbruch<\/p>\n","protected":false},"excerpt":{"rendered":"<p>Enger Bruch Male singing F\u00fcllenbruch F\u00fcllenbruch F\u00fcllenbruch<\/p>\n","protected":false},"author":1,"featured_media":0,"parent":730,"menu_order":18770,"comment_status":"closed","ping_status":"closed","template":"bird.php","meta":{"footnotes":""},"class_list":["post-1461","page","type-page","status-publish","hentry"],"_links":{"self":[{"href":"https:\/\/hoover.gplrank.de\/index.php?rest_route=\/wp\/v2\/pages\/1461","targetHints":{"allow":["GET"]}}],"collection":[{"href":"https:\/\/hoover.gplrank.de\/index.php?rest_route=\/wp\/v2\/pages"}],"about":[{"href":"https:\/\/hoover.gplrank.de\/index.php?rest_route=\/wp\/v2\/types\/page"}],"author":[{"embeddable":true,"href":"https:\/\/hoover.gplrank.de\/index.php?rest_route=\/wp\/v2\/users\/1"}],"replies":[{"embeddable":true,"href":"https:\/\/hoover.gplrank.de\/index.php?rest_route=%2Fwp%2Fv2%2Fcomments&post=1461"}],"version-history":[{"count":4,"href":"https:\/\/hoover.gplrank.de\/index.php?rest_route=\/wp\/v2\/pages\/1461\/revisions"}],"predecessor-version":[{"id":1761,"href":"https:\/\/hoover.gplrank.de\/index.php?rest_route=\/wp\/v2\/pages\/1461\/revisions\/1761"}],"up":[{"embeddable":true,"href":"https:\/\/hoover.gplrank.de\/index.php?rest_route=\/wp\/v2\/pages\/730"}],"wp:attachment":[{"href":"https:\/\/hoover.gplrank.de\/index.php?rest_route=%2Fwp%2Fv2%2Fmedia&parent=1461"}],"curies":[{"name":"wp","href":"https:\/\/api.w.org\/{rel}","templated":true}]}}